{"id":568,"date":"2021-06-23T09:02:01","date_gmt":"2021-06-23T09:02:01","guid":{"rendered":"https:\/\/www.ibf.cnr.it\/?page_id=568"},"modified":"2023-09-04T08:18:06","modified_gmt":"2023-09-04T08:18:06","slug":"privacy-cookie-policy","status":"publish","type":"page","link":"https:\/\/www.ibf.cnr.it\/index.php\/privacy-cookie-policy\/","title":{"rendered":"Privacy &#038; Cookie policy"},"content":{"rendered":"<h1 class=\"page-header\">Privacy policy &amp; Cookie policy<\/h1>\n<p>Ai sensi dell\u2019art. 13 del Regolamento UE n. 2016\/679 General Data Protection Regulation, Regolamento europeo in materia di protezione dei dati personali (di seguito \u201cGDPR 2016\/679\u201d), della Raccomandazione n. 2\/2001 del Gruppo di lavoro ex art. 29 e del Provvedimento generale del Garante Privacy in materia di cookie dell\u20198 maggio 2014, n. 229 recanti disposizioni a tutela delle persone e di altri soggetti rispetto al trattamento dei dati personali, informiamo che i dati personali mantenuti e veicolati attraverso il presente sito web (raggiungibile tramite gli URL https:\/\/www.ibf.cnr.it, https:\/\/www.ibf.cnr.it, https:\/\/www.ibf.cnr.it e https:\/\/www.ibf.cnr.it) \u2013 sono trattati nel rispetto della normativa sopra richiamata e degli obblighi di riservatezza cui \u00e8 tenuto l\u2019Istituto di Biofisica (CNR-IBF).<\/p>\n<p>&nbsp;<\/p>\n<h1>Titolare e Responsabile del trattamento<\/h1>\n<p>Il Titolare del trattamento \u00e8 il Consiglio Nazionale delle Ricerche (CNR)<\/p>\n<p style=\"padding-left: 30px;\">Piazzale Aldo Moro, 7<\/p>\n<p style=\"padding-left: 30px;\">00185 Roma (IT)<\/p>\n<p style=\"padding-left: 30px;\">PEC: <a href=\"mailto:protocollo-ammcen@pec.cnr.it\">protocollo-ammcen@pec.cnr.it<\/a><\/p>\n<p>Il punto di contatto del Titolare per l\u2019esercizio dei diritti dell\u2019interessato per i trattamenti nell\u2019ambito dell\u2019Istituto CNR-IBF e&#8217; il Direttore di Istituto raggiungibile al seguente indirizzo:<\/p>\n<p style=\"padding-left: 30px;\">Via De Marini, 6<\/p>\n<p style=\"padding-left: 30px;\">16149 Genova<\/p>\n<p style=\"padding-left: 30px;\">e-mail: <a href=\"mailto:privacy@ge.ibf.cnr.it\">privacy@ge.ibf.cnr.it<\/a><\/p>\n<p>Il Responsabile per la Protezione dei Dati del CNR (anche noto come DPO o RPD) \u00e8 contattabile al seguente indirizzo:<\/p>\n<p style=\"padding-left: 30px;\">Responsabile della protezione dei dati del CNR<\/p>\n<p style=\"padding-left: 30px;\">Piazzale Aldo Moro, 7<\/p>\n<p style=\"padding-left: 30px;\">00185 ROMA<\/p>\n<p style=\"padding-left: 30px;\">e-mail: <a href=\"mailto:rpd@cnr.it\">rpd@cnr.it<\/a><\/p>\n<p>&nbsp;<\/p>\n<div class=\"region region-content\">\n<section id=\"block-system-main\" class=\"block block-system clearfix\">\n<div id=\"node-8446\" class=\"node node-pagine-generiche clearfix\">\n<div class=\"content\">\n<div class=\"field field-name-body field-type-text-with-summary field-label-hidden\">\n<div class=\"field-items\">\n<div class=\"field-item even\">\n<h2>Finalit\u00e0 e trattamento dei dati<\/h2>\n<p>In questa sezione sono contenute le informazioni relative alle modalit\u00e0 di gestione del CNR-IBF in riferimento al trattamento dei dati degli utenti del sito.<\/p>\n<p>La presente informativa \u00e8 resa solo per i suddetti siti dell&#8217;Istituto di Biofisica del CNR e non anche per altri siti web eventualmente raggiunti dall&#8217;utente tramite link esterni.<\/p>\n<p>Alcune pagine possono richiedere dati personali: si informa che il loro mancato conferimento pu\u00f2 comportare l\u2019impossibilit\u00e0 di raggiungere le finalit\u00e0 cui il trattamento \u00e8 connesso.<\/p>\n<p>Ai sensi dell&#8217;art. 13 del Regolamento UE 2016\/679, si informa che il trattamento dei dati personali del sito attiene esclusivamente ai dati personali acquisiti in relazione al raggiungimento dei fini istituzionali dell\u2019Istituto, o comunque connessi all\u2019esercizio dei compiti di interesse pubblico e all\u2019esercizio di pubblici poteri cui \u00e8 chiamato, incluse le finalit\u00e0 di trasparenza, comunicazione, ricerca e divulgazione scientifica ed analisi per scopi statistici, di didattica e di amministrazione, ai sensi dell\u2019art. 6, comma 1, lett. e) e, in particolare, al fine di fornire e migliorare i servizi web offerti.<\/p>\n<p>Tali dati personali sono trattati in modo lecito, corretto, pertinente, limitato a quanto necessario al raggiungimento delle finalit\u00e0 del trattamento, per il solo tempo necessario a conseguire gli scopi per cui sono stati raccolti e comunque in conformit\u00e0 ai principi indicati nell\u2019art. 5 del Regolamento UE 2016\/679.<\/p>\n<p>Specifiche misure di sicurezza sono osservate per prevenire la perdita dei dati, usi illeciti o non corretti ed accessi non autorizzati.<\/p>\n<\/div>\n<\/div>\n<\/div>\n<\/div>\n<h2><\/h2>\n<div class=\"content\">\n<div class=\"field field-name-body field-type-text-with-summary field-label-hidden\">\n<div class=\"field-items\">\n<div class=\"field-item even\">\n<h2>Modalit\u00e0 di trattamento e conservazione<\/h2>\n<\/div>\n<\/div>\n<div class=\"field-items\">\n<div class=\"field-item even\">\n<p>I dati personali forniti e raccolti per presentazione sul sito web verranno gestiti dal personale CNR-IBF, secondo le norme vigenti, improntando il loro trattamento ai principi di correttezza, di liceit\u00e0 e trasparenza. I dati saranno conservati per il tempo necessario al conseguimento delle finalit\u00e0 per le quali sono raccolti e trattati, nel rispetto dei principi di liceit\u00e0, limitazione delle finalit\u00e0 e minimizzazione dei dati, ai sensi dell\u2019art. 5 GDPR 2016\/679.<\/p>\n<p>I dati personali verranno trattati presso le sedi operative del CNR-IBF con modalit\u00e0 prevalentemente informatiche e telematiche, nel rispetto di quanto previsto dall\u2019art. 32 del GDPR 2016\/679.<\/p>\n<p>CNR-IBF non adotta nel sito web istituzionale alcun processo decisionale automatizzato, compresa la profilazione, di cui all\u2019articolo 22, paragrafi 1 e 4, del GDPR 2016\/679.<\/p>\n<p>&nbsp;<\/p>\n<h2>Diritti degli interessati<\/h2>\n<\/div>\n<\/div>\n<\/div>\n<\/div>\n<\/div>\n<\/section>\n<section id=\"block-system-main\" class=\"block block-system clearfix\">\n<div id=\"node-8446\" class=\"node node-pagine-generiche clearfix\">\n<div class=\"content\">\n<div class=\"field field-name-body field-type-text-with-summary field-label-hidden\">\n<div class=\"field-items\">\n<div class=\"field-item even\">\n<p>Gli interessati hanno il diritto, in qualunque momento, di chiedere al titolare del trattamento l&#8217;accesso ai dati personali e la rettifica o la cancellazione degli stessi o la limitazione del trattamento che li riguarda o di opporsi al trattamento secondo quanto previsto dagli art. dal 15 al 22 del Regolamento UE 2016\/679.<\/p>\n<p>L\u2019interessato, per esercitare questi diritti, deve presentare la propria istanza al Titolare del trattamento dati. Le istanze dovranno essere indirizzate a: <a href=\"mailto:privacy@ge.ibf.cnr.it\">privacy@ge.ibf.cnr.it<\/a>. Le istanze verranno prese in carico con il massimo impegno per garantire l&#8217;effettivo esercizio dei diritti del Titolare entro in termini stabiliti dalla Normativa.<\/p>\n<p>Agli interessati, ricorrendone i presupposti, \u00e8 riconosciuto inoltre il diritto di proporre reclamo al Garante della privacy quale autorit\u00e0 di controllo (https:\/\/www.garanteprivacy.it).<\/p>\n<\/div>\n<\/div>\n<\/div>\n<p>&nbsp;<\/p>\n<div class=\"field field-name-body field-type-text-with-summary field-label-hidden\">\n<div class=\"field-items\">\n<div class=\"field-item even\">\n<h2>Cookie<\/h2>\n<p>I Cookie sono costituiti da porzioni di codice installate all&#8217;interno del browser che assistono il Titolare nell\u2019erogazione del servizio in base alle finalit\u00e0 descritte. Alcune delle finalit\u00e0 di installazione dei Cookie potrebbero, inoltre, necessitare del consenso dell&#8217;Utente.<\/p>\n<p>Qualora fra gli strumenti indicati in seguito fossero presenti servizi gestiti da terzi, questi potrebbero \u2013 in aggiunta a quanto specificato ed anche all\u2019insaputa del Titolare \u2013 compiere attivit\u00e0 di tracciamento dell\u2019Utente. Per informazioni dettagliate in merito, si consiglia di consultare le privacy policy dei servizi elencati.<\/p>\n<p>Questo Sito utilizza Cookie tecnici per salvare la sessione dell&#8217;Utente e per svolgere altre attivit\u00e0 strettamente necessarie al funzionamento dello stesso. Per la loro installazione non \u00e8 richiesto il preventivo consenso degli utenti.<\/p>\n<p>L\u2019utente pu\u00f2 bloccare o limitare la ricezione di cookies attraverso le opzioni del proprio browser. Tramite le preferenze del browser \u00e8 inoltre possibile eliminare i Cookie installati in passato, incluso il Cookie in cui venga eventualmente salvato il consenso all&#8217;installazione di Cookie da parte di questo sito. Tuttavia, disabilitando completamente i cookie nel browser potrebbe non essere possibile utilizzare tutte le nostre funzionalit\u00e0 interattive.<\/p>\n<p>Alcuni dei servizi elencati di seguito raccolgono statistiche in forma aggregata e potrebbero non richiedere il consenso dell&#8217;Utente o potrebbero essere gestiti direttamente dal Titolare \u2013 a seconda di quanto descritto \u2013 senza l&#8217;ausilio di terzi.<\/p>\n<h2>Cookie di terze parti<\/h2>\n<p>Questo sito utilizza Cookie tecnici per salvare la sessione dell&#8217;Utente e per svolgere altre attivit\u00e0 strettamente necessarie al funzionamento dello stesso.<br \/>\nPer la loro installazione non \u00e8 richiesto il preventivo consenso degli utenti. Non viene fatto uso di Cookie per la profilazione degli utenti.<\/p>\n<p>&nbsp;<\/p>\n<\/div>\n<\/div>\n<\/div>\n<\/div>\n<\/div>\n<\/section>\n<\/div>\n","protected":false},"excerpt":{"rendered":"<p>Privacy policy &amp; Cookie policy Ai sensi dell\u2019art. 13 del Regolamento UE n. 2016\/679 General Data Protection Regulation, Regolamento europeo in materia di protezione dei dati personali (di seguito \u201cGDPR 2016\/679\u201d), della Raccomandazione n. 2\/2001 del Gruppo di lavoro ex art. 29 e del Provvedimento generale del Garante Privacy in materia di cookie dell\u20198 maggio [&hellip;]<\/p>\n","protected":false},"author":1,"featured_media":0,"parent":0,"menu_order":0,"comment_status":"closed","ping_status":"closed","template":"","meta":{"footnotes":""},"class_list":["post-568","page","type-page","status-publish","czr-hentry"],"publishpress_future_action":{"enabled":false,"date":"2026-05-19 23:15:13","action":"change-status","newStatus":"draft","terms":[],"taxonomy":"","extraData":[]},"publishpress_future_workflow_manual_trigger":{"enabledWorkflows":[]},"_links":{"self":[{"href":"https:\/\/www.ibf.cnr.it\/index.php\/wp-json\/wp\/v2\/pages\/568","targetHints":{"allow":["GET"]}}],"collection":[{"href":"https:\/\/www.ibf.cnr.it\/index.php\/wp-json\/wp\/v2\/pages"}],"about":[{"href":"https:\/\/www.ibf.cnr.it\/index.php\/wp-json\/wp\/v2\/types\/page"}],"author":[{"embeddable":true,"href":"https:\/\/www.ibf.cnr.it\/index.php\/wp-json\/wp\/v2\/users\/1"}],"replies":[{"embeddable":true,"href":"https:\/\/www.ibf.cnr.it\/index.php\/wp-json\/wp\/v2\/comments?post=568"}],"version-history":[{"count":5,"href":"https:\/\/www.ibf.cnr.it\/index.php\/wp-json\/wp\/v2\/pages\/568\/revisions"}],"predecessor-version":[{"id":1847,"href":"https:\/\/www.ibf.cnr.it\/index.php\/wp-json\/wp\/v2\/pages\/568\/revisions\/1847"}],"wp:attachment":[{"href":"https:\/\/www.ibf.cnr.it\/index.php\/wp-json\/wp\/v2\/media?parent=568"}],"curies":[{"name":"wp","href":"https:\/\/api.w.org\/{rel}","templated":true}]}}